{"id":3250,"date":"2019-07-29T14:38:31","date_gmt":"2019-07-29T12:38:31","guid":{"rendered":"https:\/\/titirinela.eu\/booking\/?post_type=product&#038;p=3250"},"modified":"2024-11-11T16:30:30","modified_gmt":"2024-11-11T15:30:30","slug":"welcome-september-servicio-recogida-colegios-september","status":"publish","type":"product","link":"https:\/\/titirinela.eu\/booking\/producto\/welcome-september-servicio-recogida-colegios-september\/","title":{"rendered":"Welcome September: servicio recogida colegios"},"content":{"rendered":"<p>Servicio de recogida en los colegios: Compa\u00f1\u00eda de Mar\u00eda, Escolapias, Escolapios y Santa Rosa. A las 13.00 estaremos esperando a vuestros peques para que vengan con nosotros a pasarlo en grande mientras aprenden ingl\u00e9s hasta las 17.00. El precio incluye el comedor (tenemos men\u00fas para todas las necesidades). La primera semana de septiembre el horario va desde las 7.45 a 17.00 con libertad horaria y mientras no empiece el cole por la tarde el horario es hasta las 17.00.<\/p>\n<p style=\"text-align: center;\"><strong>POSIBILIDAD DE CONTRATAR SOLO SEPTIEMBRE O TODO EL CURSO<\/strong><\/p>\n<p style=\"text-align: center;\">Los precios de la web para todo el curso incluyen primera mensualidad y el material semestral\u00a0 (madrugadores gratuito).<\/p>\n<p>Haremos:<\/p>\n<ul>\n<li>Manualidades,<\/li>\n<li>excursiones (*)<\/li>\n<li>juegos, flash cards, theatre<\/li>\n<li>y mucho mucho m\u00e1s<\/li>\n<\/ul>\n<p>(*) Opcional sin sobrecoste<\/p>\n","protected":false},"excerpt":{"rendered":"<p>Servicio de recogida en los colegios: Compa\u00f1\u00eda de Mar\u00eda, Escolapias, Escolapios y Santa Rosa. A las 13.00 estaremos esperando a vuestros peques para que vengan con nosotros a pasarlo en grande mientras aprenden ingl\u00e9s hasta las 17.00. El precio incluye el comedor (tenemos men\u00fas para todas las necesidades). La primera semana de septiembre el horario va desde las 7.45 a 17.00 con libertad horaria y mientras no empiece el cole por la tarde el horario es hasta las 17.00.<\/p>\n<p style=\"text-align: center;\"><strong>POSIBILIDAD DE CONTRATAR SOLO SEPTIEMBRE O TODO EL CURSO<\/strong><\/p>\n<p style=\"text-align: center;\">Los precios de la web para todo el curso incluyen primera mensualidad y el material semestral\u00a0 (madrugadores gratuito).<\/p>\n<p>Haremos:<\/p>\n<ul>\n<li>Manualidades,<\/li>\n<li>excursiones (*)<\/li>\n<li>cine y fotograf\u00eda<\/li>\n<li>y mucho mucho m\u00e1s<\/li>\n<\/ul>\n<p>&nbsp;<\/p>\n<p>(*) Opcional sin sobrecoste<\/p>\n","protected":false},"featured_media":4794,"template":"","meta":[],"product_cat":[70],"product_tag":[71],"class_list":{"0":"post-3250","1":"product","2":"type-product","3":"status-publish","4":"has-post-thumbnail","6":"product_cat-servicios-junio","7":"product_tag-englishfun","9":"first","10":"instock","11":"taxable","12":"shipping-taxable","13":"purchasable","14":"product-type-variable"},"_links":{"self":[{"href":"https:\/\/titirinela.eu\/booking\/wp-json\/wp\/v2\/product\/3250"}],"collection":[{"href":"https:\/\/titirinela.eu\/booking\/wp-json\/wp\/v2\/product"}],"about":[{"href":"https:\/\/titirinela.eu\/booking\/wp-json\/wp\/v2\/types\/product"}],"wp:featuredmedia":[{"embeddable":true,"href":"https:\/\/titirinela.eu\/booking\/wp-json\/wp\/v2\/media\/4794"}],"wp:attachment":[{"href":"https:\/\/titirinela.eu\/booking\/wp-json\/wp\/v2\/media?parent=3250"}],"wp:term":[{"taxonomy":"product_cat","embeddable":true,"href":"https:\/\/titirinela.eu\/booking\/wp-json\/wp\/v2\/product_cat?post=3250"},{"taxonomy":"product_tag","embeddable":true,"href":"https:\/\/titirinela.eu\/booking\/wp-json\/wp\/v2\/product_tag?post=3250"}],"curies":[{"name":"wp","href":"https:\/\/api.w.org\/{rel}","templated":true}]}}