{"id":2575,"date":"2019-03-05T19:35:00","date_gmt":"2019-03-05T18:35:00","guid":{"rendered":"https:\/\/titirinela.eu\/booking\/?post_type=product&#038;p=2575"},"modified":"2024-11-11T16:35:59","modified_gmt":"2024-11-11T15:35:59","slug":"semana-colonias","status":"publish","type":"product","link":"https:\/\/titirinela.eu\/booking\/producto\/semana-colonias\/","title":{"rendered":"Colonias Navidad 2024\/25 +3 a\u00f1os"},"content":{"rendered":"<h2>\u00a1En TITIRINELA estamos comprometidos a retomar poco a poco la normalidad! Por eso, hemos organizado con todo nuestro cari\u00f1o el Campus de Navidad para vuestros hijos. El programa del campus est\u00e1 dirigido a <strong>ni\u00f1os de entre 3 y 13 a\u00f1os.<\/strong><\/h2>\n<p style=\"text-align: center;\">\u00a1CASI DOS DECADAS OFRECIENDO LAS MEJORES COLONIA DE LA CIUDAD!<\/p>\n<p>&nbsp;<\/p>\n<p>El campus se realizar\u00e1 como todos los a\u00f1os\u00a0<strong>en nuestro centro de Canfranc, 9 <\/strong>en Zaragoza. La duraci\u00f3n del mismo ser\u00e1\u00a0<strong>de lunes a viernes, en horario de 8 a 16.30 horas.<\/strong><\/p>\n<p>En nuestro campamento de invierno incluimos actividades como Mindfulness, English, bailes, escuela de habilidades sociales, adem\u00e1s de Dibujo y Juegos, as\u00ed como, si el tiempo lo permite, excursiones por toda la ciudad. Todo actividades que creemos pueden marcar una diferencia en su formaci\u00f3n como individuos.<\/p>\n<p>Os pod\u00e9is apuntar por d\u00edas sueltos, semanas, pack completo.<\/p>\n<p>Para cualquier duda, nos pod\u00e9is enviar un mail a equipo@titirinela.es<\/p>\n<p>\u00a1Os esperamos!<\/p>\n","protected":false},"excerpt":{"rendered":"<p>\u00a1En TITIRINELA estamos comprometidos a retomar poco a poco la normalidad! Por eso, hemos organizado con todo nuestro cari\u00f1o el Campus de Navidad para vuestros hijos. El programa del campus est\u00e1 dirigido a ni\u00f1os de entre 3 y 13 a\u00f1os. \u00a1CASI DOS DECADAS OFRECIENDO LAS MEJORES COLONIA DE LA CIUDAD! &nbsp; El campus se realizar\u00e1 [&hellip;]<\/p>\n","protected":false},"featured_media":4795,"template":"","meta":[],"product_cat":[69],"product_tag":[71],"class_list":{"0":"post-2575","1":"product","2":"type-product","3":"status-publish","4":"has-post-thumbnail","6":"product_cat-colonias","7":"product_tag-englishfun","9":"first","10":"instock","11":"taxable","12":"shipping-taxable","13":"purchasable","14":"product-type-variable","15":"has-default-attributes"},"_links":{"self":[{"href":"https:\/\/titirinela.eu\/booking\/wp-json\/wp\/v2\/product\/2575"}],"collection":[{"href":"https:\/\/titirinela.eu\/booking\/wp-json\/wp\/v2\/product"}],"about":[{"href":"https:\/\/titirinela.eu\/booking\/wp-json\/wp\/v2\/types\/product"}],"wp:featuredmedia":[{"embeddable":true,"href":"https:\/\/titirinela.eu\/booking\/wp-json\/wp\/v2\/media\/4795"}],"wp:attachment":[{"href":"https:\/\/titirinela.eu\/booking\/wp-json\/wp\/v2\/media?parent=2575"}],"wp:term":[{"taxonomy":"product_cat","embeddable":true,"href":"https:\/\/titirinela.eu\/booking\/wp-json\/wp\/v2\/product_cat?post=2575"},{"taxonomy":"product_tag","embeddable":true,"href":"https:\/\/titirinela.eu\/booking\/wp-json\/wp\/v2\/product_tag?post=2575"}],"curies":[{"name":"wp","href":"https:\/\/api.w.org\/{rel}","templated":true}]}}