{"id":1758,"date":"2019-04-25T18:04:21","date_gmt":"2019-04-25T16:04:21","guid":{"rendered":"https:\/\/titirinela.eu\/booking\/?post_type=product&#038;p=1758"},"modified":"2024-11-11T11:06:09","modified_gmt":"2024-11-11T10:06:09","slug":"cumpleanos","status":"publish","type":"product","link":"https:\/\/titirinela.eu\/booking\/producto\/cumpleanos\/","title":{"rendered":"Cumplea\u00f1os TARIFA BLACK FRIDAY 150\u20ac"},"content":{"rendered":"<p><strong>Cumplea\u00f1os completamente personalizados en un ambiente sin masificar.<\/strong><\/p>\n<p><strong>Nos adaptamos a las ilusiones de vuestros peques con monitores especializados en cumplea\u00f1os, dedicados en cuerpo y alma para que sea un d\u00eda inolvidable. Disfrutar\u00e1n de una experiencia \u00fanica en un entorno exclusivo.<\/strong><\/p>\n<p><strong>La tem\u00e1tica es completamente personalizable combinando magia, baile, pintacaras, juegos, merienda, creaci\u00f3n de tartas y cualquier cosa que se os pueda ocurrir.<\/strong><\/p>\n<p>Si bien preferimos los cumplea\u00f1os sin padres para que los ni\u00f1os cobren todo el protagonismo disponemos de salones privados con servicio de catering para que pod\u00e1is pasar un rato agradable.<\/p>\n<p>El horario de cumplea\u00f1os, al igual que la tem\u00e1tica es completamente personalizado.<\/p>\n<p>(*)<strong> TARIFA PLANA 150\u20ac HASTA 20 NI\u00d1OS (resto 12\u20ac\/ni\u00f1o)<\/strong><\/p>\n<p>&nbsp;<\/p>\n<p>&nbsp;<\/p>\n","protected":false},"excerpt":{"rendered":"<blockquote><p>&nbsp;<\/p><\/blockquote>\n","protected":false},"featured_media":4758,"template":"","meta":[],"product_cat":[68],"product_tag":[],"class_list":{"0":"post-1758","1":"product","2":"type-product","3":"status-publish","4":"has-post-thumbnail","6":"product_cat-cumpleanos","8":"first","9":"instock","10":"purchasable","11":"product-type-simple"},"_links":{"self":[{"href":"https:\/\/titirinela.eu\/booking\/wp-json\/wp\/v2\/product\/1758"}],"collection":[{"href":"https:\/\/titirinela.eu\/booking\/wp-json\/wp\/v2\/product"}],"about":[{"href":"https:\/\/titirinela.eu\/booking\/wp-json\/wp\/v2\/types\/product"}],"wp:featuredmedia":[{"embeddable":true,"href":"https:\/\/titirinela.eu\/booking\/wp-json\/wp\/v2\/media\/4758"}],"wp:attachment":[{"href":"https:\/\/titirinela.eu\/booking\/wp-json\/wp\/v2\/media?parent=1758"}],"wp:term":[{"taxonomy":"product_cat","embeddable":true,"href":"https:\/\/titirinela.eu\/booking\/wp-json\/wp\/v2\/product_cat?post=1758"},{"taxonomy":"product_tag","embeddable":true,"href":"https:\/\/titirinela.eu\/booking\/wp-json\/wp\/v2\/product_tag?post=1758"}],"curies":[{"name":"wp","href":"https:\/\/api.w.org\/{rel}","templated":true}]}}