{"id":3,"date":"2019-03-26T08:17:35","date_gmt":"2019-03-26T07:17:35","guid":{"rendered":"https:\/\/titirinela.eu\/booking\/?page_id=3"},"modified":"2019-03-27T09:30:30","modified_gmt":"2019-03-27T08:30:30","slug":"politica-privacidad","status":"publish","type":"page","link":"https:\/\/titirinela.eu\/booking\/politica-privacidad\/","title":{"rendered":"Pol\u00edtica de privacidad"},"content":{"rendered":"<p>En cumplimiento de lo\ndispuesto en el Reglamento (UE) 2016\/679 del Parlamento Europeo y del Consejo,\nde 27 de abril de 2016, relativo a la protecci\u00f3n de las personas f\u00edsicas en lo\nque respecta al tratamiento de datos personales y a la libre circulaci\u00f3n de\nestos datos y la Ley 34\/2002, de 11 de julio, de Servicios de la Sociedad de la\nInformaci\u00f3n y Comercio Electr\u00f3nico (en adelante \u00abla normativa\u00bb) le informamos\nque la titularidad del dominio de nuestro Sitio web www.titirinela.eu (en\nadelante TITIRINELA.EU) corresponde a la empresa TITIRINELA , S.L (en adelante,\nTITIRINELA) con C.I.F. B99240194 y domicilio social en la calle Canfranc,9\n50004 de Zaragoza e inscrita en el Registro Mercantil de Madrid con Tomo\n27.290, Folio 29, Secci\u00f3n 8, Hoja M-491687, Inscripci\u00f3n 1.<\/p><p>Datos de contacto de la\nempresa como Responsable del Tratamiento:<\/p><p>\u2013 Denominaci\u00f3n:\nTITIRINELA , S.L.<\/p><p>\u2013 Domicilio: calle\nCanfranc,9 50004 de Zaragoza<\/p><p>\u2013 C.I.F.: B99240194<\/p><p>\u2013 Dominio:\nhttps:\/\/www.TITIRINELA.EU\/<\/p><p>\u2013 Tel\u00e9fono:+34 976 218\n377<\/p><p>Los datos personales\nfacilitados a trav\u00e9s de los Sitios Web y Apps de titularidad de TITIRINELA\nsiempre se solicitar\u00e1n que sean proporcionados voluntariamente de forma\nexpresa, veraz e inequ\u00edvoca siendo incorporados a un registro automatizado\ntitularidad de TITIRINELA, cuya finalidad es permitir la gesti\u00f3n de la relaci\u00f3n\nentre TITIRINELA y los Usuarios de su Sitio Web, facilitar la comunicaci\u00f3n con\nlos mismos y su participaci\u00f3n en los servicios disponibles solicitados por su\nparte en TITIRINELA.EU as\u00ed como llevar a cabo el env\u00edo de pol\u00edticas comercias e\ninformaci\u00f3n general acerca de TITIRINELA o de sus productos respecto de los\ncuales los Usuarios pudieran estar interesados. Estos datos ser\u00e1n tratados de\nforma leal y l\u00edcita con sujeci\u00f3n en todo momento en cumplimiento de lo\ndispuesto en \u00abla normativa\u00bb.<\/p><p>TITIRINELA garantiza la\nprotecci\u00f3n de todos los datos de car\u00e1cter personal que el Usuario proporcione\nen el Sitio Web y Apps, y en cumplimiento del Reglamento (UE) 2016\/679, de 27\nde abril, le informa que:<\/p><p>a)&nbsp;&nbsp;&nbsp;&nbsp;&nbsp;\nTodos los datos de car\u00e1cter personal facilitados a TITIRINELA actuando como\nResponsable de Tratamiento quedar\u00e1n mantenidos bajo su responsabilidad. La\nprincipal finalidad de dicho registro es la gesti\u00f3n de los usuarios, as\u00ed como\nel env\u00edo de pol\u00edticas comerciales, facilitar la comunicaci\u00f3n con los Usuarios y\nsu participaci\u00f3n en los servicios disponibles solicitados por su parte en TITIRINELA.EU,\nas\u00ed como el env\u00edo de informaci\u00f3n general acerca de TITIRINELA o de sus\nproductos respecto de los cuales los Usuarios pudieran estar interesados.<\/p><p>TITIRINELA asegura la\nconfidencialidad de los datos aportados y garantiza que, en ning\u00fan caso, ser\u00e1n cedidos\npor ning\u00fan otro uso sin mediar consentimiento previo y expreso de nuestros\nUsuarios. S\u00f3lo le pediremos aquellos datos necesarios para la prestaci\u00f3n del\nservicio requerido y \u00fanicamente ser\u00e1 empleados para este fin.<\/p><p>Los Usuarios garantizan\nque los datos aportados son verdaderos, exactos, completos y actualizados y,\nadem\u00e1s, ser\u00e1n responsables de cualquier da\u00f1o perjuicio, directo o indirecto,\nque pudiera ocasionarse como consecuencia del incumplimiento de tal obligaci\u00f3n.<\/p><p>El Usuario debe comunicar\na TITIRINELA cualquier modificaci\u00f3n en los datos de car\u00e1cter personales para la\ncorrecta gesti\u00f3n y calidad del servicio y de los datos tratados.<\/p><p>b)&nbsp;&nbsp;&nbsp;&nbsp;&nbsp;\nConsentimiento<\/p><p>Cuando los datos\npersonales sean recabados a trav\u00e9s de un formulario, ser\u00e1 necesario que el Usuario\naporte, al menos, aquellos marcados como obligatorios, ya que si no se\nsuministraran estos datos considerados como necesarios, TITIRINELA no podr\u00e1\ngestionar la participaci\u00f3n del Usuario en el servicio del Sitio Web\ncorrespondiente.<\/p><p>Mediante el env\u00edo de los\nformularios entendemos que el Usuario presta su consentimiento para que se\ntraten los datos conforme a las finalidades previstas en cada uno de los\nformularios. TITIRINELA no comunicar\u00e1 los datos a terceros salvo en los\nsupuestos legalmente establecidos o los autorizados por el Usuario. TITIRINELA\ncomunica a los Usuarios el posible env\u00edo de comunicaciones comerciales&nbsp;\ny\/o productos o servicios por correo electr\u00f3nico o por cualquier otro medio de\ncomunicaci\u00f3n electr\u00f3nica equivalente. Asimismo, los Usuarios manifiestan\nconocer esta intenci\u00f3n y prestan su consentimiento de manera libre, clara e\ninequ\u00edvoca para la recepci\u00f3n de las mencionadas comunicaciones.<\/p><p>Sus datos no ser\u00e1n\ncedidos a ning\u00fan tercero, esta informaci\u00f3n solamente ser\u00e1 tratada por TITIRINELA\npara atender a su consulta y para la prospecci\u00f3n y publicidad de nuestros\nservicios. No obstante, en cualquier momento puede oponer este consentimiento.<\/p><p>LEGITIMACI\u00d3N DEL\nTRATAMIENTO<\/p><p>La base legal para el\ntratamiento de los datos facilitados es la ejecuci\u00f3n del servicio realizada por\nel Usuario.<\/p><p>El env\u00edo de publicidad,\nincluido por e-mail sobre productos y servicios, est\u00e1 basado en el\nconsentimiento prestado por el Usuario al solicitar los servicios de manera\nlibre, clara e inequ\u00edvoca.<\/p><p>TIEMPO DE CONSERVACI\u00d3N DE\nLA INFORMACI\u00d3N<\/p><p>Los datos personales\nproporcionados por el Usuario para la prestaci\u00f3n de un servicio se mantendr\u00e1n\nmientras dure la relaci\u00f3n comercial o durante el tiempo necesario para cumplir\ncon las obligaciones legales resultantes.<\/p><p>Los datos facilitados por\nel Usuario en formularios o peticiones de servicios se mantendr\u00e1n por un\nper\u00edodo de dos a\u00f1os desde y a partir de la \u00faltima confirmaci\u00f3n de inter\u00e9s\nrealizada por el Usuario.<\/p><p>Respecto al tratamiento\nde sus datos personales con la finalidad de env\u00edo de informaci\u00f3n comercial\nantes descrita, se conservar\u00e1n, a pesar de que finalice la relaci\u00f3n\ncontractual, durante un plazo m\u00e1ximo de dos a\u00f1os o hasta que Vd., revoque su\nconsentimiento.<\/p><p>c)&nbsp;&nbsp;&nbsp;&nbsp;&nbsp;\nPor favor lea con que finalidades recabamos sus datos:<\/p><p>1-Resolver consultas o\nsugerencias sobre los servicios prestados por&nbsp;TITIRINELA.<\/p><p>2-Prestar asesoramiento\nsobre los servicios prestados por&nbsp;TITIRINELA.<\/p><p>3- Enviar newsletter o\nnotificaciones.<\/p><p>4-Cumplimiento de las\nobligaciones legales.<\/p><p>5-Mantenimiento de la\nrelaci\u00f3n contractual.<\/p><p>d)&nbsp;&nbsp;&nbsp;&nbsp;\nTITIRINELA tiene alojados los servidores donde se almacena sus datos en las\ninstalaciones de una entidad ubicada en Espa\u00f1a y en aras al cumplimiento de \u00abla\nnormativa\u00bb en materia de seguridad y confidencialidad de sus datos, se han\nadoptado los niveles de seguridad requeridos y se han instalado los medios\nt\u00e9cnicos a su alcance para evitar la p\u00e9rdida, mal uso, alteraci\u00f3n, acceso no\nautorizado y robo de los datos personales facilitados a trav\u00e9s de\nTITIRINELA.EU.<\/p><p>Datos de contacto de la\nempresa como Tercero de confianza:<\/p><p>\u2013 PIENSASOLUTIONS(en\nadelante PIENSASOLUTIONS)<\/p><p>\u2013 C.I.F.: B84492891<\/p><p>\u2013 Inscrita en el Registro\nMercantil de Madrid, al tomo 22055, folio 60, hoja n\u00famero M-393315<\/p><p>\u2013 Correo electr\u00f3nico:\nPIENSASOLUTIONS@PIENSASOLUTIONS.com<\/p><p>\u2013 Tel\u00e9fono: +34 915145800<\/p><p>En este sentido,\nPIENSASOLUTIONS es un tercero de confianza que act\u00faa como depositario. Su\nobjetivo es intervenir entre las partes de una contrataci\u00f3n o\nnotificaci\u00f3n&nbsp;online para garantizar y custodiar de forma neutra e\nindependiente todos los procesos generados en las transacciones electr\u00f3nicas\nrealizadas.<\/p><p>Adem\u00e1s para garantizar el\nproceso sin ninguna manipulaci\u00f3n posterior a la grabaci\u00f3n, la integridad de los\ncontenidos queda asegurada ante notario.<\/p><p>PIENSASOLUTIONS no asume\nninguna responsabilidad por los da\u00f1os y perjuicios derivados de alteraciones\nque terceros pueden causar en los sistemas inform\u00e1ticos, documentos\nelectr\u00f3nicos o ficheros de usuarios propiedad de TITIRINELA. La \u00fanica\nresponsabilidad atribuida a PIENSASOLUTIONS vendr\u00e1 dada por los da\u00f1os y\nperjuicios acaecidos en el per\u00edodo de custodia de la informaci\u00f3n.<\/p><p>Si opta a abandonar el\nsitio web de TITIRINELA a trav\u00e9s de enlaces a Sitios Web no pertenecientes a\nnuestra entidad, TITIRINELA no se har\u00e1 responsable de las pol\u00edticas de\nprivacidad de dichos Sitios Web ni de las cookies que \u00e9stos puedan almacenar en\nel ordenador del usuario.<\/p><p>e)&nbsp;&nbsp;&nbsp;&nbsp;&nbsp;\nTITIRINELA se compromete a proteger la informaci\u00f3n confidencial a la que tenga\nacceso.<\/p><p>f)&nbsp;&nbsp;&nbsp;&nbsp;&nbsp;&nbsp;\nTITIRINELA no emplear\u00e1 en ning\u00fan supuesto los datos de car\u00e1cter personal que el\nUsuario ponga a su disposici\u00f3n para prestar servicios distintos a los referidos\nen el apartado c) del presente documento o, en su caso, para lograr una\nutilidad propia o distinta a la autorizada por el titular de dichos datos.<\/p><p>g)&nbsp;&nbsp;&nbsp;&nbsp;&nbsp;\nLe comunicamos que no realizaremos transferencia internacional de datos.<\/p><p>h)&nbsp;&nbsp;&nbsp;&nbsp;&nbsp;\nTITIRINELA no permite la participaci\u00f3n de menores de edad en los servicios de\nsu Sitio Web. TITIRINELA se exime de cualquier responsabilidad por el\nincumplimiento de este requisito.<\/p><p>i)&nbsp;&nbsp;&nbsp;&nbsp;&nbsp;&nbsp;&nbsp;\nEl Usuario puede, en todo momento ejercitar los derechos de acceso, rectificaci\u00f3n,\nlimitaci\u00f3n de tratamiento, portabilidad, cancelaci\u00f3n, oposici\u00f3n o revocaci\u00f3n\ndel consentimiento anteriormente otorgado sobre el tratamiento de sus datos\npersonales enviando a TITIRINELA carta debidamente firmada a nuestra direcci\u00f3n\npostal, indicada supra, donde consten claramente sus datos de contacto,\ndocumento que acredite su identidad y el derecho a ejercer o, si lo desea, a la\ndirecci\u00f3n de correo electr\u00f3nico&nbsp;hola@titirinela.es<\/p><p>j)&nbsp;&nbsp;&nbsp;&nbsp;&nbsp;&nbsp;&nbsp;\nLe informamos&nbsp; que en caso de considerar vulnerado su derecho a la&nbsp;\nprotecci\u00f3n de datos personales, podr\u00e1 interponer una reclamaci\u00f3n ante la\nautoridad de control Agencia Espa\u00f1ola de Protecci\u00f3n de Datos (<a href=\"http:\/\/www.agpd.es\/\">www.agpd.es<\/a>).<\/p><p>k)&nbsp;&nbsp;&nbsp;&nbsp;&nbsp;\nEl usuario autoriza al tratamiento de los datos personales suministrados, en\nlos t\u00e9rminos anteriormente indicados. Para ello pulse el bot\u00f3n \u201cEnviar\nformulario\u201d que se encuentra tras el formulario de recogida de datos.<\/p>","protected":false},"excerpt":{"rendered":"<p>En cumplimiento de lo dispuesto en el Reglamento (UE) 2016\/679 del Parlamento Europeo y del Consejo, de 27 de abril de 2016, relativo a la protecci\u00f3n de las personas f\u00edsicas en lo que respecta al tratamiento de datos personales y a la libre circulaci\u00f3n de estos datos y la Ley 34\/2002, de 11 de julio, [&hellip;]<\/p>\n","protected":false},"author":1,"featured_media":0,"parent":0,"menu_order":0,"comment_status":"closed","ping_status":"open","template":"","meta":{"footnotes":""},"class_list":["post-3","page","type-page","status-publish","hentry"],"_links":{"self":[{"href":"https:\/\/titirinela.eu\/booking\/wp-json\/wp\/v2\/pages\/3"}],"collection":[{"href":"https:\/\/titirinela.eu\/booking\/wp-json\/wp\/v2\/pages"}],"about":[{"href":"https:\/\/titirinela.eu\/booking\/wp-json\/wp\/v2\/types\/page"}],"author":[{"embeddable":true,"href":"https:\/\/titirinela.eu\/booking\/wp-json\/wp\/v2\/users\/1"}],"replies":[{"embeddable":true,"href":"https:\/\/titirinela.eu\/booking\/wp-json\/wp\/v2\/comments?post=3"}],"version-history":[{"count":1,"href":"https:\/\/titirinela.eu\/booking\/wp-json\/wp\/v2\/pages\/3\/revisions"}],"predecessor-version":[{"id":1227,"href":"https:\/\/titirinela.eu\/booking\/wp-json\/wp\/v2\/pages\/3\/revisions\/1227"}],"wp:attachment":[{"href":"https:\/\/titirinela.eu\/booking\/wp-json\/wp\/v2\/media?parent=3"}],"curies":[{"name":"wp","href":"https:\/\/api.w.org\/{rel}","templated":true}]}}